{"id":214,"date":"2024-04-12T00:20:58","date_gmt":"2024-04-12T00:20:58","guid":{"rendered":"https:\/\/costacaja.com\/?post_type=product&#038;p=214"},"modified":"2024-07-10T00:15:13","modified_gmt":"2024-07-10T00:15:13","slug":"selladora-termica","status":"publish","type":"product","link":"https:\/\/costacaja.com\/?product=selladora-termica","title":{"rendered":"Selladora t\u00e9rmica"},"content":{"rendered":"<p>Selladora de cizalla, cierre con impulso t\u00e9rmico con graduador de calor para sellado de bolsas pl\u00e1sticas, fabricada en aluminio, incluye resistencia y tefl\u00f3n de repuesto.<\/p>\n<p>Marca: Brother<\/p>\n<p>Tama\u00f1os disponibles: 30 y 40 cm<\/p>\n","protected":false},"excerpt":{"rendered":"<p>Selladora de cizalla, cierre con impulso t\u00e9rmico con graduador de calor para sellado de bolsas pl\u00e1sticas, fabricada en aluminio, incluye resistencia y tefl\u00f3n de repuesto. Marca:<span class=\"excerpt-hellip\"> [\u2026]<\/span><\/p>\n","protected":false},"featured_media":156,"template":"","meta":[],"product_cat":[19],"product_tag":[],"_links":{"self":[{"href":"https:\/\/costacaja.com\/index.php?rest_route=\/wp\/v2\/product\/214"}],"collection":[{"href":"https:\/\/costacaja.com\/index.php?rest_route=\/wp\/v2\/product"}],"about":[{"href":"https:\/\/costacaja.com\/index.php?rest_route=\/wp\/v2\/types\/product"}],"wp:featuredmedia":[{"embeddable":true,"href":"https:\/\/costacaja.com\/index.php?rest_route=\/wp\/v2\/media\/156"}],"wp:attachment":[{"href":"https:\/\/costacaja.com\/index.php?rest_route=%2Fwp%2Fv2%2Fmedia&parent=214"}],"wp:term":[{"taxonomy":"product_cat","embeddable":true,"href":"https:\/\/costacaja.com\/index.php?rest_route=%2Fwp%2Fv2%2Fproduct_cat&post=214"},{"taxonomy":"product_tag","embeddable":true,"href":"https:\/\/costacaja.com\/index.php?rest_route=%2Fwp%2Fv2%2Fproduct_tag&post=214"}],"curies":[{"name":"wp","href":"https:\/\/api.w.org\/{rel}","templated":true}]}}