{"id":197,"date":"2024-04-12T00:13:05","date_gmt":"2024-04-12T00:13:05","guid":{"rendered":"https:\/\/costacaja.com\/?post_type=product&#038;p=197"},"modified":"2024-07-09T23:13:25","modified_gmt":"2024-07-09T23:13:25","slug":"caja-encerada-55-libras","status":"publish","type":"product","link":"https:\/\/costacaja.com\/?product=caja-encerada-55-libras","title":{"rendered":"Caja encerada 55 libras"},"content":{"rendered":"<p><strong>Caracter\u00edsticas<\/strong><\/p>\n<ul>\n<li>Caja compuesta de tapa y fondo.<\/li>\n<li>Encerado tipo cascada.<\/li>\n<li>Aditamentos: Aislantes grado alimenticio para m\u00e1xima conservaci\u00f3n y bolsa transparente.<\/li>\n<\/ul>\n<p><strong>Usos m\u00e1s comunes<\/strong><\/p>\n<ul>\n<li>Pescado fresco, filetes, langosta.<\/li>\n<\/ul>\n","protected":false},"excerpt":{"rendered":"<p>Caracter\u00edsticas Caja compuesta de tapa y fondo. Encerado tipo cascada. Aditamentos: Aislantes grado alimenticio para m\u00e1xima conservaci\u00f3n y bolsa transparente. Usos m\u00e1s comunes Pescado fresco, filetes,<span class=\"excerpt-hellip\"> [\u2026]<\/span><\/p>\n","protected":false},"featured_media":139,"template":"","meta":[],"product_cat":[17],"product_tag":[],"_links":{"self":[{"href":"https:\/\/costacaja.com\/index.php?rest_route=\/wp\/v2\/product\/197"}],"collection":[{"href":"https:\/\/costacaja.com\/index.php?rest_route=\/wp\/v2\/product"}],"about":[{"href":"https:\/\/costacaja.com\/index.php?rest_route=\/wp\/v2\/types\/product"}],"wp:featuredmedia":[{"embeddable":true,"href":"https:\/\/costacaja.com\/index.php?rest_route=\/wp\/v2\/media\/139"}],"wp:attachment":[{"href":"https:\/\/costacaja.com\/index.php?rest_route=%2Fwp%2Fv2%2Fmedia&parent=197"}],"wp:term":[{"taxonomy":"product_cat","embeddable":true,"href":"https:\/\/costacaja.com\/index.php?rest_route=%2Fwp%2Fv2%2Fproduct_cat&post=197"},{"taxonomy":"product_tag","embeddable":true,"href":"https:\/\/costacaja.com\/index.php?rest_route=%2Fwp%2Fv2%2Fproduct_tag&post=197"}],"curies":[{"name":"wp","href":"https:\/\/api.w.org\/{rel}","templated":true}]}}