{"id":193,"date":"2024-04-12T00:11:11","date_gmt":"2024-04-12T00:11:11","guid":{"rendered":"https:\/\/costacaja.com\/?post_type=product&#038;p=193"},"modified":"2024-07-09T23:24:19","modified_gmt":"2024-07-09T23:24:19","slug":"bolsas","status":"publish","type":"product","link":"https:\/\/costacaja.com\/?product=bolsas","title":{"rendered":"Bolsas"},"content":{"rendered":"<p>Bolsas pl\u00e1sticas transparentes, medidas disponibles:<\/p>\n<ul>\n<li>Pulpo 1-2<\/li>\n<li>Pulpo 2-4<\/li>\n<li>Pulpo 4up<\/li>\n<li>Pa\u00f1o 1 x 1 m (pa\u00f1al)<\/li>\n<li>Bolsas para gelpack<\/li>\n<\/ul>\n<p>&nbsp;<\/p>\n","protected":false},"excerpt":{"rendered":"<p>Bolsas pl\u00e1sticas transparentes, medidas disponibles: Pulpo 1-2 Pulpo 2-4 Pulpo 4up Pa\u00f1o 1 x 1 m (pa\u00f1al) Bolsas para gelpack &nbsp;<\/p>\n","protected":false},"featured_media":138,"template":"","meta":[],"product_cat":[19],"product_tag":[],"_links":{"self":[{"href":"https:\/\/costacaja.com\/index.php?rest_route=\/wp\/v2\/product\/193"}],"collection":[{"href":"https:\/\/costacaja.com\/index.php?rest_route=\/wp\/v2\/product"}],"about":[{"href":"https:\/\/costacaja.com\/index.php?rest_route=\/wp\/v2\/types\/product"}],"wp:featuredmedia":[{"embeddable":true,"href":"https:\/\/costacaja.com\/index.php?rest_route=\/wp\/v2\/media\/138"}],"wp:attachment":[{"href":"https:\/\/costacaja.com\/index.php?rest_route=%2Fwp%2Fv2%2Fmedia&parent=193"}],"wp:term":[{"taxonomy":"product_cat","embeddable":true,"href":"https:\/\/costacaja.com\/index.php?rest_route=%2Fwp%2Fv2%2Fproduct_cat&post=193"},{"taxonomy":"product_tag","embeddable":true,"href":"https:\/\/costacaja.com\/index.php?rest_route=%2Fwp%2Fv2%2Fproduct_tag&post=193"}],"curies":[{"name":"wp","href":"https:\/\/api.w.org\/{rel}","templated":true}]}}